{"id":1029,"date":"2025-08-06T00:49:17","date_gmt":"2025-08-06T00:49:17","guid":{"rendered":"https:\/\/www.repairandinstallllc.com\/about\/"},"modified":"2025-08-09T04:51:42","modified_gmt":"2025-08-09T04:51:42","slug":"about","status":"publish","type":"page","link":"https:\/\/www.repairandinstallllc.com\/en\/about\/","title":{"rendered":"About"},"content":{"rendered":"<div data-elementor-type=\"wp-page\" data-elementor-id=\"1029\" class=\"elementor elementor-1029\">\n\t\t\t\t<div class=\"elementor-element elementor-element-5ef7019 e-flex e-con-boxed e-con e-parent\" data-id=\"5ef7019\" data-element_type=\"container\" data-settings=\"{&quot;background_background&quot;:&quot;classic&quot;}\">\n\t\t\t\t\t<div class=\"e-con-inner\">\n\t\t\t\t<div class=\"elementor-element elementor-element-5810600 elementor-widget elementor-widget-heading\" data-id=\"5810600\" data-element_type=\"widget\" data-widget_type=\"heading.default\">\n\t\t\t\t<div class=\"elementor-widget-container\">\n\t\t\t\t\t<h1 class=\"elementor-heading-title elementor-size-default\">Repair and Install LLC<\/h1>\t\t\t\t<\/div>\n\t\t\t\t<\/div>\n\t\t\t\t\t<\/div>\n\t\t\t\t<\/div>\n\t\t<div class=\"elementor-element elementor-element-44b6349 e-flex e-con-boxed e-con e-parent\" data-id=\"44b6349\" data-element_type=\"container\">\n\t\t\t\t\t<div class=\"e-con-inner\">\n\t\t<div class=\"elementor-element elementor-element-c7c4c4a e-con-full e-flex e-con e-child\" data-id=\"c7c4c4a\" data-element_type=\"container\">\n\t\t<div class=\"elementor-element elementor-element-5ae1c26 e-con-full e-flex e-con e-child\" data-id=\"5ae1c26\" data-element_type=\"container\">\n\t\t\t\t<div class=\"elementor-element elementor-element-a97b63f elementor-widget elementor-widget-text-editor\" data-id=\"a97b63f\" data-element_type=\"widget\" data-widget_type=\"text-editor.default\">\n\t\t\t\t<div class=\"elementor-widget-container\">\n\t\t\t\t\t\t\t\t\t<p>MISION<br \/>Repair and Install LLC.<br \/>Offer comprehensive repair services,<br \/>installation and remodeling of homes in<br \/>United States, with high standards of<br \/>quality, personalized attention and solutions<br \/>durable that improve comfort,<br \/>functionality and value of homes<br \/>our clients.<br \/>VISION<br \/>Repair and Install LLC.<br \/>To be a leading company in the sector<br \/>residential remodeling in the United States<br \/>United, recognized by our<br \/>responsibility, innovation, and commitment<br \/>with excellence in every project.<br \/>We want to be the first choice for<br \/>those looking to renovate their home with<br \/>confidence and tranquility.<br \/>VALUES<br \/>Repair and Install LLC.<br \/>Commitment: We deliver what we promise with<br \/>responsibility and punctuality.<br \/>Quality: We strive to deliver impeccable results<br \/>in each project.<br \/>Trust: We act with honesty and transparency in<br \/>all our relationships.<br \/>Innovation: We look for modern and efficient solutions for<br \/>every remodel.<br \/>Teamwork: We value collaboration between clients,<br \/>suppliers and our technical team.<br \/>Customer focus: We listen, understand and<br \/>we solve the needs of our clients.<\/p>\t\t\t\t\t\t\t\t<\/div>\n\t\t\t\t<\/div>\n\t\t\t\t<\/div>\n\t\t\t\t<\/div>\n\t\t\t\t\t<\/div>\n\t\t\t\t<\/div>\n\t\t<div class=\"elementor-element elementor-element-7dd9593 e-flex e-con-boxed e-con e-parent\" data-id=\"7dd9593\" data-element_type=\"container\" data-settings=\"{&quot;background_background&quot;:&quot;classic&quot;}\">\n\t\t\t\t\t<div class=\"e-con-inner\">\n\t\t<div class=\"elementor-element elementor-element-10b297c e-con-full e-flex e-con e-child\" data-id=\"10b297c\" data-element_type=\"container\">\n\t\t<div class=\"elementor-element elementor-element-e3e1e11 e-con-full e-flex e-con e-child\" data-id=\"e3e1e11\" data-element_type=\"container\">\n\t\t<div class=\"elementor-element elementor-element-d6471ca e-con-full e-flex e-con e-child\" data-id=\"d6471ca\" data-element_type=\"container\">\n\t\t\t\t<div class=\"elementor-element elementor-element-e34eaa6 elementor-widget elementor-widget-heading\" data-id=\"e34eaa6\" data-element_type=\"widget\" data-widget_type=\"heading.default\">\n\t\t\t\t<div class=\"elementor-widget-container\">\n\t\t\t\t\t<h2 class=\"elementor-heading-title elementor-size-default\">15<\/h2>\t\t\t\t<\/div>\n\t\t\t\t<\/div>\n\t\t\t\t<\/div>\n\t\t<div class=\"elementor-element elementor-element-b745730 e-con-full e-flex e-con e-child\" data-id=\"b745730\" data-element_type=\"container\">\n\t\t\t\t<div class=\"elementor-element elementor-element-2f0c340 elementor-widget elementor-widget-text-editor\" data-id=\"2f0c340\" data-element_type=\"widget\" data-widget_type=\"text-editor.default\">\n\t\t\t\t<div class=\"elementor-widget-container\">\n\t\t\t\t\t\t\t\t\t<p>Project completed in 12 states<\/p>\t\t\t\t\t\t\t\t<\/div>\n\t\t\t\t<\/div>\n\t\t\t\t<\/div>\n\t\t\t\t<\/div>\n\t\t<div class=\"elementor-element elementor-element-76c0d49 e-con-full e-flex e-con e-child\" data-id=\"76c0d49\" data-element_type=\"container\">\n\t\t<div class=\"elementor-element elementor-element-4877c15 e-con-full e-flex e-con e-child\" data-id=\"4877c15\" data-element_type=\"container\">\n\t\t\t\t<div class=\"elementor-element elementor-element-bba7071 elementor-widget elementor-widget-heading\" data-id=\"bba7071\" data-element_type=\"widget\" data-widget_type=\"heading.default\">\n\t\t\t\t<div class=\"elementor-widget-container\">\n\t\t\t\t\t<h2 class=\"elementor-heading-title elementor-size-default\">36K<\/h2>\t\t\t\t<\/div>\n\t\t\t\t<\/div>\n\t\t\t\t<\/div>\n\t\t<div class=\"elementor-element elementor-element-7fb2460 e-con-full e-flex e-con e-child\" data-id=\"7fb2460\" data-element_type=\"container\">\n\t\t\t\t<div class=\"elementor-element elementor-element-44f97d1 elementor-widget elementor-widget-text-editor\" data-id=\"44f97d1\" data-element_type=\"widget\" data-widget_type=\"text-editor.default\">\n\t\t\t\t<div class=\"elementor-widget-container\">\n\t\t\t\t\t\t\t\t\t<p>Satisfied customers throughout the United States<\/p>\t\t\t\t\t\t\t\t<\/div>\n\t\t\t\t<\/div>\n\t\t\t\t<\/div>\n\t\t\t\t<\/div>\n\t\t<div class=\"elementor-element elementor-element-c7886b8 e-con-full e-flex e-con e-child\" data-id=\"c7886b8\" data-element_type=\"container\">\n\t\t<div class=\"elementor-element elementor-element-f6d1e86 e-con-full e-flex e-con e-child\" data-id=\"f6d1e86\" data-element_type=\"container\">\n\t\t\t\t<div class=\"elementor-element elementor-element-f2885ae elementor-widget elementor-widget-heading\" data-id=\"f2885ae\" data-element_type=\"widget\" data-widget_type=\"heading.default\">\n\t\t\t\t<div class=\"elementor-widget-container\">\n\t\t\t\t\t<h2 class=\"elementor-heading-title elementor-size-default\">642<\/h2>\t\t\t\t<\/div>\n\t\t\t\t<\/div>\n\t\t\t\t<\/div>\n\t\t<div class=\"elementor-element elementor-element-abf5a70 e-con-full e-flex e-con e-child\" data-id=\"abf5a70\" data-element_type=\"container\">\n\t\t\t\t<div class=\"elementor-element elementor-element-481372f elementor-widget elementor-widget-text-editor\" data-id=\"481372f\" data-element_type=\"widget\" data-widget_type=\"text-editor.default\">\n\t\t\t\t<div class=\"elementor-widget-container\">\n\t\t\t\t\t\t\t\t\t<p>Project completed in 12 states<\/p>\t\t\t\t\t\t\t\t<\/div>\n\t\t\t\t<\/div>\n\t\t\t\t<\/div>\n\t\t\t\t<\/div>\n\t\t\t\t<\/div>\n\t\t\t\t\t<\/div>\n\t\t\t\t<\/div>\n\t\t\t\t<\/div>","protected":false},"excerpt":{"rendered":"<p>Repair and Install LLC MISIONRepair and Install LLC.Ofrecer servicios integrales de reparaci\u00f3n,instalaci\u00f3n y remodelaci\u00f3n de viviendas enEstados Unidos, con altos [&hellip;]<\/p>","protected":false},"author":1,"featured_media":0,"parent":0,"menu_order":0,"comment_status":"closed","ping_status":"closed","template":"","meta":{"_uag_custom_page_level_css":"","site-sidebar-layout":"no-sidebar","site-content-layout":"","ast-site-content-layout":"full-width-container","site-content-style":"unboxed","site-sidebar-style":"unboxed","ast-global-header-display":"","ast-banner-title-visibility":"","ast-main-header-display":"","ast-hfb-above-header-display":"","ast-hfb-below-header-display":"","ast-hfb-mobile-header-display":"","site-post-title":"disabled","ast-breadcrumbs-content":"","ast-featured-img":"disabled","footer-sml-layout":"","theme-transparent-header-meta":"enabled","adv-header-id-meta":"","stick-header-meta":"","header-above-stick-meta":"","header-main-stick-meta":"","header-below-stick-meta":"","astra-migrate-meta-layouts":"default","ast-page-background-enabled":"default","ast-page-background-meta":{"desktop":{"background-color":"var(--ast-global-color-4)","background-image":"","background-repeat":"repeat","background-position":"center center","background-size":"auto","background-attachment":"scroll","background-type":"","background-media":"","overlay-type":"","overlay-color":"","overlay-opacity":"","overlay-gradient":""},"tablet":{"background-color":"","background-image":"","background-repeat":"repeat","background-position":"center center","background-size":"auto","background-attachment":"scroll","background-type":"","background-media":"","overlay-type":"","overlay-color":"","overlay-opacity":"","overlay-gradient":""},"mobile":{"background-color":"","background-image":"","background-repeat":"repeat","background-position":"center center","background-size":"auto","background-attachment":"scroll","background-type":"","background-media":"","overlay-type":"","overlay-color":"","overlay-opacity":"","overlay-gradient":""}},"ast-content-background-meta":{"desktop":{"background-color":"var(--ast-global-color-5)","background-image":"","background-repeat":"repeat","background-position":"center center","background-size":"auto","background-attachment":"scroll","background-type":"","background-media":"","overlay-type":"","overlay-color":"","overlay-opacity":"","overlay-gradient":""},"tablet":{"background-color":"var(--ast-global-color-5)","background-image":"","background-repeat":"repeat","background-position":"center center","background-size":"auto","background-attachment":"scroll","background-type":"","background-media":"","overlay-type":"","overlay-color":"","overlay-opacity":"","overlay-gradient":""},"mobile":{"background-color":"var(--ast-global-color-5)","background-image":"","background-repeat":"repeat","background-position":"center center","background-size":"auto","background-attachment":"scroll","background-type":"","background-media":"","overlay-type":"","overlay-color":"","overlay-opacity":"","overlay-gradient":""}},"footnotes":""},"class_list":["post-1029","page","type-page","status-publish","hentry"],"aioseo_notices":[],"uagb_featured_image_src":{"full":false,"thumbnail":false,"medium":false,"medium_large":false,"large":false,"1536x1536":false,"2048x2048":false,"trp-custom-language-flag":false},"uagb_author_info":{"display_name":"repairandinstallllc_c8b0r6","author_link":"https:\/\/www.repairandinstallllc.com\/en\/author\/repairandinstallllc_c8b0r6\/"},"uagb_comment_info":0,"uagb_excerpt":"Repair and Install LLC MISIONRepair and Install LLC.Ofrecer servicios integrales de reparaci\u00f3n,instalaci\u00f3n y remodelaci\u00f3n de viviendas enEstados Unidos, con altos [&hellip;]","_links":{"self":[{"href":"https:\/\/www.repairandinstallllc.com\/en\/wp-json\/wp\/v2\/pages\/1029","targetHints":{"allow":["GET"]}}],"collection":[{"href":"https:\/\/www.repairandinstallllc.com\/en\/wp-json\/wp\/v2\/pages"}],"about":[{"href":"https:\/\/www.repairandinstallllc.com\/en\/wp-json\/wp\/v2\/types\/page"}],"author":[{"embeddable":true,"href":"https:\/\/www.repairandinstallllc.com\/en\/wp-json\/wp\/v2\/users\/1"}],"replies":[{"embeddable":true,"href":"https:\/\/www.repairandinstallllc.com\/en\/wp-json\/wp\/v2\/comments?post=1029"}],"version-history":[{"count":10,"href":"https:\/\/www.repairandinstallllc.com\/en\/wp-json\/wp\/v2\/pages\/1029\/revisions"}],"predecessor-version":[{"id":1139,"href":"https:\/\/www.repairandinstallllc.com\/en\/wp-json\/wp\/v2\/pages\/1029\/revisions\/1139"}],"wp:attachment":[{"href":"https:\/\/www.repairandinstallllc.com\/en\/wp-json\/wp\/v2\/media?parent=1029"}],"curies":[{"name":"wp","href":"https:\/\/api.w.org\/{rel}","templated":true}]}}